{"id":529,"date":"2025-11-13T12:53:58","date_gmt":"2025-11-13T18:53:58","guid":{"rendered":"https:\/\/mypet.com.mx\/analisis\/?page_id=529"},"modified":"2025-11-13T12:55:13","modified_gmt":"2025-11-13T18:55:13","slug":"heridas-lesiones","status":"publish","type":"page","link":"https:\/\/mypet.com.mx\/analisis\/heridas-lesiones\/","title":{"rendered":"Heridas lesiones"},"content":{"rendered":"<p>[et_pb_section fb_built=&#8221;1&#8243; admin_label=&#8221;section&#8221; _builder_version=&#8221;4.27.4&#8243; width=&#8221;60%&#8221; width_tablet=&#8221;75%&#8221; width_phone=&#8221;90%&#8221; width_last_edited=&#8221;on|phone&#8221; module_alignment=&#8221;center&#8221; global_colors_info=&#8221;{}&#8221;][et_pb_row admin_label=&#8221;row&#8221; _builder_version=&#8221;4.27.4&#8243; background_size=&#8221;initial&#8221; background_position=&#8221;top_left&#8221; background_repeat=&#8221;repeat&#8221; global_colors_info=&#8221;{}&#8221;][et_pb_column type=&#8221;4_4&#8243; _builder_version=&#8221;4.27.4&#8243; background_color=&#8221;#c9e0ea&#8221; custom_padding=&#8221;20px|20px|20px|20px|true|true&#8221; border_radii=&#8221;on|10px|10px|10px|10px&#8221; box_shadow_style=&#8221;preset3&#8243; global_colors_info=&#8221;{}&#8221; custom_padding__hover=&#8221;|||&#8221;][et_pb_icon font_icon=&#8221;&#xe05c;||fa||900&#8243; icon_width=&#8221;80px&#8221; _builder_version=&#8221;4.27.4&#8243; _module_preset=&#8221;default&#8221; custom_margin=&#8221;||30px||false|false&#8221; global_colors_info=&#8221;{}&#8221;][\/et_pb_icon][et_pb_text _builder_version=&#8221;4.27.4&#8243; _module_preset=&#8221;default&#8221; header_font_size=&#8221;35px&#8221; text_orientation=&#8221;center&#8221; global_colors_info=&#8221;{}&#8221;]<\/p>\n<h1>Heridas o lesiones<\/h1>\n<p>[\/et_pb_text][et_pb_text _builder_version=&#8221;4.27.4&#8243; _module_preset=&#8221;default&#8221; text_orientation=&#8221;center&#8221; global_colors_info=&#8221;{}&#8221;]<\/p>\n<p><span>Detecta infecciones, sangrados o golpes visibles.<\/span><br data-start=\"49\" data-end=\"52\" \/><span>Obt\u00e9n orientaci\u00f3n inmediata y confiable para actuar con rapidez.<\/span><\/p>\n<p>[\/et_pb_text][et_pb_text _builder_version=&#8221;4.27.4&#8243; _module_preset=&#8221;default&#8221; global_colors_info=&#8221;{}&#8221;]<\/p>\n<p><span>\n    \n    <form class=\"mwcf-frontend-form\" method=\"post\" enctype=\"multipart\/form-data\">\n        <input type=\"hidden\" id=\"mwcf_nonce\" name=\"mwcf_nonce\" value=\"e75b6758eb\" \/><input type=\"hidden\" name=\"_wp_http_referer\" value=\"\/analisis\/wp-json\/wp\/v2\/pages\/529\" \/>        <input type=\"hidden\" name=\"mwcf_form_id\" value=\"530\">\n        <input type=\"hidden\" name=\"mwcf_project_number\" value=\"1\">\n                    <label><strong>Subir imagen<\/strong><\/label><br>\n                            <div class=\"mwcf-file-input\">\n                    <input type=\"file\" name=\"mwcf_files[]\"\n                           data-min=\"1\"\n                           data-max=\"5\"\n                           accept=\".jpg,.jpeg,.png\"\n                            multiple>\n                <\/div>\n                <div class=\"mwcf-gallery\"><\/div><br>\n                                <br>\n                                <label><strong>Nombre de la mascota<\/strong><\/label><br>\n                            <input type=\"text\" name=\"mwcf_nombredelamascota\" required><br><br>\n                            <button type=\"submit\" class=\"mwcf-submit\">Enviar<\/button>\n    <\/form>\n    <\/span><\/p>\n<p>[\/et_pb_text][\/et_pb_column][\/et_pb_row][\/et_pb_section]<\/p>\n","protected":false},"excerpt":{"rendered":"<p>Heridas o lesionesDetecta infecciones, sangrados o golpes visibles.Obt\u00e9n orientaci\u00f3n inmediata y confiable para actuar con rapidez.\n    \n    <form class=\"mwcf-frontend-form\" method=\"post\" enctype=\"multipart\/form-data\">\n        <input type=\"hidden\" id=\"mwcf_nonce\" name=\"mwcf_nonce\" value=\"e75b6758eb\" \/><input type=\"hidden\" name=\"_wp_http_referer\" value=\"\/analisis\/wp-json\/wp\/v2\/pages\/529\" \/>        <input type=\"hidden\" name=\"mwcf_form_id\" value=\"530\">\n        <input type=\"hidden\" name=\"mwcf_project_number\" value=\"1\">\n                    <label><strong>Subir imagen<\/strong><\/label><br>\n                            <div class=\"mwcf-file-input\">\n                    <input type=\"file\" name=\"mwcf_files[]\"\n                           data-min=\"1\"\n                           data-max=\"5\"\n                           accept=\".jpg,.jpeg,.png\"\n                            multiple>\n                <\/div>\n                <div class=\"mwcf-gallery\"><\/div><br>\n                                <br>\n                                <label><strong>Nombre de la mascota<\/strong><\/label><br>\n                            <input type=\"text\" name=\"mwcf_nombredelamascota\" required><br><br>\n                            <button type=\"submit\" class=\"mwcf-submit\">Enviar<\/button>\n    <\/form>\n    <\/p>\n","protected":false},"author":4,"featured_media":0,"parent":0,"menu_order":0,"comment_status":"closed","ping_status":"closed","template":"","meta":{"_et_pb_use_builder":"on","_et_pb_old_content":"","_et_gb_content_width":"","footnotes":""},"class_list":["post-529","page","type-page","status-publish","hentry"],"yoast_head":"<!-- This site is optimized with the Yoast SEO plugin v26.7 - https:\/\/yoast.com\/wordpress\/plugins\/seo\/ -->\n<title>Heridas lesiones - An\u00e1lisis<\/title>\n<meta name=\"robots\" content=\"index, follow, max-snippet:-1, max-image-preview:large, max-video-preview:-1\" \/>\n<link rel=\"canonical\" href=\"https:\/\/mypet.com.mx\/analisis\/heridas-lesiones\/\" \/>\n<meta property=\"og:locale\" content=\"es_ES\" \/>\n<meta property=\"og:type\" content=\"article\" \/>\n<meta property=\"og:title\" content=\"Heridas lesiones - An\u00e1lisis\" \/>\n<meta property=\"og:description\" content=\"Heridas o lesionesDetecta infecciones, sangrados o golpes visibles.Obt\u00e9n orientaci\u00f3n inmediata y confiable para actuar con rapidez.\" \/>\n<meta property=\"og:url\" content=\"https:\/\/mypet.com.mx\/analisis\/heridas-lesiones\/\" \/>\n<meta property=\"og:site_name\" content=\"An\u00e1lisis\" \/>\n<meta property=\"article:modified_time\" content=\"2025-11-13T18:55:13+00:00\" \/>\n<meta name=\"twitter:card\" content=\"summary_large_image\" \/>\n<meta name=\"twitter:label1\" content=\"Tiempo de lectura\" \/>\n\t<meta name=\"twitter:data1\" content=\"1 minuto\" \/>\n<script type=\"application\/ld+json\" class=\"yoast-schema-graph\">{\"@context\":\"https:\/\/schema.org\",\"@graph\":[{\"@type\":\"WebPage\",\"@id\":\"https:\/\/mypet.com.mx\/analisis\/heridas-lesiones\/\",\"url\":\"https:\/\/mypet.com.mx\/analisis\/heridas-lesiones\/\",\"name\":\"Heridas lesiones - An\u00e1lisis\",\"isPartOf\":{\"@id\":\"https:\/\/mypet.com.mx\/analisis\/#website\"},\"datePublished\":\"2025-11-13T18:53:58+00:00\",\"dateModified\":\"2025-11-13T18:55:13+00:00\",\"breadcrumb\":{\"@id\":\"https:\/\/mypet.com.mx\/analisis\/heridas-lesiones\/#breadcrumb\"},\"inLanguage\":\"es\",\"potentialAction\":[{\"@type\":\"ReadAction\",\"target\":[\"https:\/\/mypet.com.mx\/analisis\/heridas-lesiones\/\"]}]},{\"@type\":\"BreadcrumbList\",\"@id\":\"https:\/\/mypet.com.mx\/analisis\/heridas-lesiones\/#breadcrumb\",\"itemListElement\":[{\"@type\":\"ListItem\",\"position\":1,\"name\":\"Portada\",\"item\":\"https:\/\/mypet.com.mx\/analisis\/\"},{\"@type\":\"ListItem\",\"position\":2,\"name\":\"Heridas lesiones\"}]},{\"@type\":\"WebSite\",\"@id\":\"https:\/\/mypet.com.mx\/analisis\/#website\",\"url\":\"https:\/\/mypet.com.mx\/analisis\/\",\"name\":\"An\u00e1lisis\",\"description\":\"\",\"potentialAction\":[{\"@type\":\"SearchAction\",\"target\":{\"@type\":\"EntryPoint\",\"urlTemplate\":\"https:\/\/mypet.com.mx\/analisis\/?s={search_term_string}\"},\"query-input\":{\"@type\":\"PropertyValueSpecification\",\"valueRequired\":true,\"valueName\":\"search_term_string\"}}],\"inLanguage\":\"es\"}]}<\/script>\n<!-- \/ Yoast SEO plugin. -->","yoast_head_json":{"title":"Heridas lesiones - An\u00e1lisis","robots":{"index":"index","follow":"follow","max-snippet":"max-snippet:-1","max-image-preview":"max-image-preview:large","max-video-preview":"max-video-preview:-1"},"canonical":"https:\/\/mypet.com.mx\/analisis\/heridas-lesiones\/","og_locale":"es_ES","og_type":"article","og_title":"Heridas lesiones - An\u00e1lisis","og_description":"Heridas o lesionesDetecta infecciones, sangrados o golpes visibles.Obt\u00e9n orientaci\u00f3n inmediata y confiable para actuar con rapidez.","og_url":"https:\/\/mypet.com.mx\/analisis\/heridas-lesiones\/","og_site_name":"An\u00e1lisis","article_modified_time":"2025-11-13T18:55:13+00:00","twitter_card":"summary_large_image","twitter_misc":{"Tiempo de lectura":"1 minuto"},"schema":{"@context":"https:\/\/schema.org","@graph":[{"@type":"WebPage","@id":"https:\/\/mypet.com.mx\/analisis\/heridas-lesiones\/","url":"https:\/\/mypet.com.mx\/analisis\/heridas-lesiones\/","name":"Heridas lesiones - An\u00e1lisis","isPartOf":{"@id":"https:\/\/mypet.com.mx\/analisis\/#website"},"datePublished":"2025-11-13T18:53:58+00:00","dateModified":"2025-11-13T18:55:13+00:00","breadcrumb":{"@id":"https:\/\/mypet.com.mx\/analisis\/heridas-lesiones\/#breadcrumb"},"inLanguage":"es","potentialAction":[{"@type":"ReadAction","target":["https:\/\/mypet.com.mx\/analisis\/heridas-lesiones\/"]}]},{"@type":"BreadcrumbList","@id":"https:\/\/mypet.com.mx\/analisis\/heridas-lesiones\/#breadcrumb","itemListElement":[{"@type":"ListItem","position":1,"name":"Portada","item":"https:\/\/mypet.com.mx\/analisis\/"},{"@type":"ListItem","position":2,"name":"Heridas lesiones"}]},{"@type":"WebSite","@id":"https:\/\/mypet.com.mx\/analisis\/#website","url":"https:\/\/mypet.com.mx\/analisis\/","name":"An\u00e1lisis","description":"","potentialAction":[{"@type":"SearchAction","target":{"@type":"EntryPoint","urlTemplate":"https:\/\/mypet.com.mx\/analisis\/?s={search_term_string}"},"query-input":{"@type":"PropertyValueSpecification","valueRequired":true,"valueName":"search_term_string"}}],"inLanguage":"es"}]}},"_links":{"self":[{"href":"https:\/\/mypet.com.mx\/analisis\/wp-json\/wp\/v2\/pages\/529","targetHints":{"allow":["GET"]}}],"collection":[{"href":"https:\/\/mypet.com.mx\/analisis\/wp-json\/wp\/v2\/pages"}],"about":[{"href":"https:\/\/mypet.com.mx\/analisis\/wp-json\/wp\/v2\/types\/page"}],"author":[{"embeddable":true,"href":"https:\/\/mypet.com.mx\/analisis\/wp-json\/wp\/v2\/users\/4"}],"replies":[{"embeddable":true,"href":"https:\/\/mypet.com.mx\/analisis\/wp-json\/wp\/v2\/comments?post=529"}],"version-history":[{"count":4,"href":"https:\/\/mypet.com.mx\/analisis\/wp-json\/wp\/v2\/pages\/529\/revisions"}],"predecessor-version":[{"id":541,"href":"https:\/\/mypet.com.mx\/analisis\/wp-json\/wp\/v2\/pages\/529\/revisions\/541"}],"wp:attachment":[{"href":"https:\/\/mypet.com.mx\/analisis\/wp-json\/wp\/v2\/media?parent=529"}],"curies":[{"name":"wp","href":"https:\/\/api.w.org\/{rel}","templated":true}]}}