{"id":522,"date":"2025-11-13T12:43:22","date_gmt":"2025-11-13T18:43:22","guid":{"rendered":"https:\/\/mypet.com.mx\/analisis\/?page_id=522"},"modified":"2025-11-13T12:55:55","modified_gmt":"2025-11-13T18:55:55","slug":"salud-general","status":"publish","type":"page","link":"https:\/\/mypet.com.mx\/analisis\/salud-general\/","title":{"rendered":"Salud General"},"content":{"rendered":"<p>[et_pb_section fb_built=&#8221;1&#8243; admin_label=&#8221;section&#8221; _builder_version=&#8221;4.27.4&#8243; width=&#8221;60%&#8221; width_tablet=&#8221;75%&#8221; width_phone=&#8221;90%&#8221; width_last_edited=&#8221;on|phone&#8221; module_alignment=&#8221;center&#8221; global_colors_info=&#8221;{}&#8221;][et_pb_row admin_label=&#8221;row&#8221; _builder_version=&#8221;4.27.4&#8243; background_size=&#8221;initial&#8221; background_position=&#8221;top_left&#8221; background_repeat=&#8221;repeat&#8221; global_colors_info=&#8221;{}&#8221;][et_pb_column type=&#8221;4_4&#8243; _builder_version=&#8221;4.27.4&#8243; background_color=&#8221;#c9e0ea&#8221; custom_padding=&#8221;20px|20px|20px|20px|true|true&#8221; border_radii=&#8221;on|10px|10px|10px|10px&#8221; box_shadow_style=&#8221;preset3&#8243; global_colors_info=&#8221;{}&#8221; custom_padding__hover=&#8221;|||&#8221;][et_pb_icon font_icon=&#8221;&#xf1b0;||fa||900&#8243; icon_width=&#8221;80px&#8221; _builder_version=&#8221;4.27.4&#8243; _module_preset=&#8221;default&#8221; custom_margin=&#8221;||30px||false|false&#8221; global_colors_info=&#8221;{}&#8221;][\/et_pb_icon][et_pb_text _builder_version=&#8221;4.27.4&#8243; _module_preset=&#8221;default&#8221; header_font_size=&#8221;35px&#8221; text_orientation=&#8221;center&#8221; global_colors_info=&#8221;{}&#8221;]<\/p>\n<h1>Salud general<\/h1>\n<p>[\/et_pb_text][et_pb_text _builder_version=&#8221;4.27.4&#8243; _module_preset=&#8221;default&#8221; text_orientation=&#8221;center&#8221; global_colors_info=&#8221;{}&#8221;]<\/p>\n<p>Eval\u00faa peso, vitalidad y condici\u00f3n general.<br data-start=\"517\" data-end=\"520\" \/>Ideal para revisiones peri\u00f3dicas y seguimiento del bienestar.<\/p>\n<p>[\/et_pb_text][et_pb_text _builder_version=&#8221;4.27.4&#8243; _module_preset=&#8221;default&#8221; global_colors_info=&#8221;{}&#8221;]<\/p>\n<p><span><style>\n        @keyframes mwcf-rotate-347 { to { transform: rotate(360deg); } }\n        @keyframes mwcf-dash-347 {\n            0% { stroke-dasharray:1,200; stroke-dashoffset:0; }\n            50% { stroke-dasharray:100,200; stroke-dashoffset:-15; }\n            100% { stroke-dasharray:100,200; stroke-dashoffset:-125; }\n        }\n        #mwcf-spinner-347 {\n            display:none;\n            position:fixed;\n            top:0;\n            left:0;\n            width:100%;\n            height:100%;\n            background:rgba(255,255,255,0.8);\n            align-items:center;\n            justify-content:center;\n            z-index:9999;\n        }\n        #mwcf-spinner-347 svg {\n            width:64px;\n            height:64px;\n            animation: mwcf-rotate-347 2s linear infinite;\n        }\n        #mwcf-spinner-347 circle {\n            stroke:#28a745;\n            stroke-width:4;\n            stroke-dasharray:150,200;\n            stroke-dashoffset:-10;\n            stroke-linecap:round;\n            animation: mwcf-dash-347 2s ease-in-out infinite;\n        }\n    <\/style><div id=\"mwcf-spinner-347\"><svg viewBox=\"0 0 50 50\"><circle cx=\"25\" cy=\"25\" r=\"20\" fill=\"none\" \/><\/svg><\/div><script>\n        document.addEventListener('DOMContentLoaded', function() {\n            var input = document.querySelector('form.mwcf-frontend-form input[name=\"mwcf_form_id\"][value=\"347\"]');\n            if (input) {\n                var form = input.closest('form');\n                var spinner = document.getElementById('mwcf-spinner-347');\n                form.addEventListener('submit', function() {\n                    spinner.style.display = 'flex';\n                });\n            }\n        });\n    <\/script>\n    \n    <form class=\"mwcf-frontend-form\" method=\"post\" enctype=\"multipart\/form-data\">\n        <input type=\"hidden\" id=\"mwcf_nonce\" name=\"mwcf_nonce\" value=\"ecbcda03e3\" \/><input type=\"hidden\" name=\"_wp_http_referer\" value=\"\/analisis\/wp-json\/wp\/v2\/pages\/522\" \/>        <input type=\"hidden\" name=\"mwcf_form_id\" value=\"347\">\n        <input type=\"hidden\" name=\"mwcf_project_number\" value=\"1\">\n                    <label><strong>Subir imagen<\/strong><\/label><br>\n                            <div class=\"mwcf-file-input\">\n                    <input type=\"file\" name=\"mwcf_single_file_subirimagen\"\n                           data-min=\"1\"\n                           data-max=\"1\"\n                           accept=\"image\/*\"\n                           capture=\"environment\"\n                           required>\n                <\/div>\n<input type=\"file\" accept=\"image\/*\" class=\"mwcf-gallery-input\" style=\"display:none\" \/>\n<div class=\"mwcf-gallery\"><\/div><br>\n                                <br>\n                                <label><strong>Nombre de la mascota<\/strong><\/label><br>\n                            <input type=\"text\" name=\"mwcf_nombredelamascota\" required><br><br>\n                            <button type=\"submit\" class=\"mwcf-submit\">Enviar<\/button>\n    <\/form>\n    <\/span><\/p>\n<p>[\/et_pb_text][\/et_pb_column][\/et_pb_row][\/et_pb_section]<\/p>\n","protected":false},"excerpt":{"rendered":"<p>Salud generalEval\u00faa peso, vitalidad y condici\u00f3n general.Ideal para revisiones peri\u00f3dicas y seguimiento del bienestar.<style>\n        @keyframes mwcf-rotate-347 { to { transform: rotate(360deg); } }\n        @keyframes mwcf-dash-347 {\n            0% { stroke-dasharray:1,200; stroke-dashoffset:0; }\n            50% { stroke-dasharray:100,200; stroke-dashoffset:-15; }\n            100% { stroke-dasharray:100,200; stroke-dashoffset:-125; }\n        }\n        #mwcf-spinner-347 {\n            display:none;\n            position:fixed;\n            top:0;\n            left:0;\n            width:100%;\n            height:100%;\n            background:rgba(255,255,255,0.8);\n            align-items:center;\n            justify-content:center;\n            z-index:9999;\n        }\n        #mwcf-spinner-347 svg {\n            width:64px;\n            height:64px;\n            animation: mwcf-rotate-347 2s linear infinite;\n        }\n        #mwcf-spinner-347 circle {\n            stroke:#28a745;\n            stroke-width:4;\n            stroke-dasharray:150,200;\n            stroke-dashoffset:-10;\n            stroke-linecap:round;\n            animation: mwcf-dash-347 2s ease-in-out infinite;\n        }\n    <\/style><div id=\"mwcf-spinner-347\"><svg viewBox=\"0 0 50 50\"><circle cx=\"25\" cy=\"25\" r=\"20\" fill=\"none\" \/><\/svg><\/div><script>\n        document.addEventListener('DOMContentLoaded', function() {\n            var input = document.querySelector('form.mwcf-frontend-form input[name=\"mwcf_form_id\"][value=\"347\"]');\n            if (input) {\n                var form = input.closest('form');\n                var spinner = document.getElementById('mwcf-spinner-347');\n                form.addEventListener('submit', function() {\n                    spinner.style.display = 'flex';\n                });\n            }\n        });\n    <\/script>\n    \n    <form class=\"mwcf-frontend-form\" method=\"post\" enctype=\"multipart\/form-data\">\n        <input type=\"hidden\" id=\"mwcf_nonce\" name=\"mwcf_nonce\" value=\"ecbcda03e3\" \/><input type=\"hidden\" name=\"_wp_http_referer\" value=\"\/analisis\/wp-json\/wp\/v2\/pages\/522\" \/>        <input type=\"hidden\" name=\"mwcf_form_id\" value=\"347\">\n        <input type=\"hidden\" name=\"mwcf_project_number\" value=\"1\">\n                    <label><strong>Subir imagen<\/strong><\/label><br>\n                            <div class=\"mwcf-file-input\">\n                    <input type=\"file\" name=\"mwcf_single_file_subirimagen\"\n                           data-min=\"1\"\n                           data-max=\"1\"\n                           accept=\"image\/*\"\n                           capture=\"environment\"\n                           required>\n                <\/div>\n<input type=\"file\" accept=\"image\/*\" class=\"mwcf-gallery-input\" style=\"display:none\" \/>\n<div class=\"mwcf-gallery\"><\/div><br>\n                                <br>\n                                <label><strong>Nombre de la mascota<\/strong><\/label><br>\n                            <input type=\"text\" name=\"mwcf_nombredelamascota\" required><br><br>\n                            <button type=\"submit\" class=\"mwcf-submit\">Enviar<\/button>\n    <\/form>\n    <\/p>\n","protected":false},"author":4,"featured_media":0,"parent":0,"menu_order":0,"comment_status":"closed","ping_status":"closed","template":"","meta":{"_et_pb_use_builder":"on","_et_pb_old_content":"","_et_gb_content_width":"","footnotes":""},"class_list":["post-522","page","type-page","status-publish","hentry"],"yoast_head":"<!-- This site is optimized with the Yoast SEO plugin v26.7 - https:\/\/yoast.com\/wordpress\/plugins\/seo\/ -->\n<title>Salud General - An\u00e1lisis<\/title>\n<meta name=\"robots\" content=\"index, follow, max-snippet:-1, max-image-preview:large, max-video-preview:-1\" \/>\n<link rel=\"canonical\" href=\"https:\/\/mypet.com.mx\/analisis\/salud-general\/\" \/>\n<meta property=\"og:locale\" content=\"es_ES\" \/>\n<meta property=\"og:type\" content=\"article\" \/>\n<meta property=\"og:title\" content=\"Salud General - An\u00e1lisis\" \/>\n<meta property=\"og:description\" content=\"Salud generalEval\u00faa peso, vitalidad y condici\u00f3n general.Ideal para revisiones peri\u00f3dicas y seguimiento del bienestar.\" \/>\n<meta property=\"og:url\" content=\"https:\/\/mypet.com.mx\/analisis\/salud-general\/\" \/>\n<meta property=\"og:site_name\" content=\"An\u00e1lisis\" \/>\n<meta property=\"article:modified_time\" content=\"2025-11-13T18:55:55+00:00\" \/>\n<meta name=\"twitter:card\" content=\"summary_large_image\" \/>\n<meta name=\"twitter:label1\" content=\"Tiempo de lectura\" \/>\n\t<meta name=\"twitter:data1\" content=\"1 minuto\" \/>\n<script type=\"application\/ld+json\" class=\"yoast-schema-graph\">{\"@context\":\"https:\/\/schema.org\",\"@graph\":[{\"@type\":\"WebPage\",\"@id\":\"https:\/\/mypet.com.mx\/analisis\/salud-general\/\",\"url\":\"https:\/\/mypet.com.mx\/analisis\/salud-general\/\",\"name\":\"Salud General - An\u00e1lisis\",\"isPartOf\":{\"@id\":\"https:\/\/mypet.com.mx\/analisis\/#website\"},\"datePublished\":\"2025-11-13T18:43:22+00:00\",\"dateModified\":\"2025-11-13T18:55:55+00:00\",\"breadcrumb\":{\"@id\":\"https:\/\/mypet.com.mx\/analisis\/salud-general\/#breadcrumb\"},\"inLanguage\":\"es\",\"potentialAction\":[{\"@type\":\"ReadAction\",\"target\":[\"https:\/\/mypet.com.mx\/analisis\/salud-general\/\"]}]},{\"@type\":\"BreadcrumbList\",\"@id\":\"https:\/\/mypet.com.mx\/analisis\/salud-general\/#breadcrumb\",\"itemListElement\":[{\"@type\":\"ListItem\",\"position\":1,\"name\":\"Portada\",\"item\":\"https:\/\/mypet.com.mx\/analisis\/\"},{\"@type\":\"ListItem\",\"position\":2,\"name\":\"Salud General\"}]},{\"@type\":\"WebSite\",\"@id\":\"https:\/\/mypet.com.mx\/analisis\/#website\",\"url\":\"https:\/\/mypet.com.mx\/analisis\/\",\"name\":\"An\u00e1lisis\",\"description\":\"\",\"potentialAction\":[{\"@type\":\"SearchAction\",\"target\":{\"@type\":\"EntryPoint\",\"urlTemplate\":\"https:\/\/mypet.com.mx\/analisis\/?s={search_term_string}\"},\"query-input\":{\"@type\":\"PropertyValueSpecification\",\"valueRequired\":true,\"valueName\":\"search_term_string\"}}],\"inLanguage\":\"es\"}]}<\/script>\n<!-- \/ Yoast SEO plugin. -->","yoast_head_json":{"title":"Salud General - An\u00e1lisis","robots":{"index":"index","follow":"follow","max-snippet":"max-snippet:-1","max-image-preview":"max-image-preview:large","max-video-preview":"max-video-preview:-1"},"canonical":"https:\/\/mypet.com.mx\/analisis\/salud-general\/","og_locale":"es_ES","og_type":"article","og_title":"Salud General - An\u00e1lisis","og_description":"Salud generalEval\u00faa peso, vitalidad y condici\u00f3n general.Ideal para revisiones peri\u00f3dicas y seguimiento del bienestar.","og_url":"https:\/\/mypet.com.mx\/analisis\/salud-general\/","og_site_name":"An\u00e1lisis","article_modified_time":"2025-11-13T18:55:55+00:00","twitter_card":"summary_large_image","twitter_misc":{"Tiempo de lectura":"1 minuto"},"schema":{"@context":"https:\/\/schema.org","@graph":[{"@type":"WebPage","@id":"https:\/\/mypet.com.mx\/analisis\/salud-general\/","url":"https:\/\/mypet.com.mx\/analisis\/salud-general\/","name":"Salud General - An\u00e1lisis","isPartOf":{"@id":"https:\/\/mypet.com.mx\/analisis\/#website"},"datePublished":"2025-11-13T18:43:22+00:00","dateModified":"2025-11-13T18:55:55+00:00","breadcrumb":{"@id":"https:\/\/mypet.com.mx\/analisis\/salud-general\/#breadcrumb"},"inLanguage":"es","potentialAction":[{"@type":"ReadAction","target":["https:\/\/mypet.com.mx\/analisis\/salud-general\/"]}]},{"@type":"BreadcrumbList","@id":"https:\/\/mypet.com.mx\/analisis\/salud-general\/#breadcrumb","itemListElement":[{"@type":"ListItem","position":1,"name":"Portada","item":"https:\/\/mypet.com.mx\/analisis\/"},{"@type":"ListItem","position":2,"name":"Salud General"}]},{"@type":"WebSite","@id":"https:\/\/mypet.com.mx\/analisis\/#website","url":"https:\/\/mypet.com.mx\/analisis\/","name":"An\u00e1lisis","description":"","potentialAction":[{"@type":"SearchAction","target":{"@type":"EntryPoint","urlTemplate":"https:\/\/mypet.com.mx\/analisis\/?s={search_term_string}"},"query-input":{"@type":"PropertyValueSpecification","valueRequired":true,"valueName":"search_term_string"}}],"inLanguage":"es"}]}},"_links":{"self":[{"href":"https:\/\/mypet.com.mx\/analisis\/wp-json\/wp\/v2\/pages\/522","targetHints":{"allow":["GET"]}}],"collection":[{"href":"https:\/\/mypet.com.mx\/analisis\/wp-json\/wp\/v2\/pages"}],"about":[{"href":"https:\/\/mypet.com.mx\/analisis\/wp-json\/wp\/v2\/types\/page"}],"author":[{"embeddable":true,"href":"https:\/\/mypet.com.mx\/analisis\/wp-json\/wp\/v2\/users\/4"}],"replies":[{"embeddable":true,"href":"https:\/\/mypet.com.mx\/analisis\/wp-json\/wp\/v2\/comments?post=522"}],"version-history":[{"count":4,"href":"https:\/\/mypet.com.mx\/analisis\/wp-json\/wp\/v2\/pages\/522\/revisions"}],"predecessor-version":[{"id":542,"href":"https:\/\/mypet.com.mx\/analisis\/wp-json\/wp\/v2\/pages\/522\/revisions\/542"}],"wp:attachment":[{"href":"https:\/\/mypet.com.mx\/analisis\/wp-json\/wp\/v2\/media?parent=522"}],"curies":[{"name":"wp","href":"https:\/\/api.w.org\/{rel}","templated":true}]}}