{"id":24,"date":"2025-05-31T16:13:50","date_gmt":"2025-05-31T22:13:50","guid":{"rendered":"https:\/\/mypet.com.mx\/analisis\/?page_id=24"},"modified":"2025-11-22T20:17:22","modified_gmt":"2025-11-23T02:17:22","slug":"seleccion","status":"publish","type":"page","link":"https:\/\/mypet.com.mx\/analisis\/","title":{"rendered":"An\u00e1lisis de mascota"},"content":{"rendered":"<p>[et_pb_section fb_built=&#8221;1&#8243; admin_label=&#8221;section&#8221; _builder_version=&#8221;4.27.4&#8243; width=&#8221;60%&#8221; width_tablet=&#8221;75%&#8221; width_phone=&#8221;90%&#8221; width_last_edited=&#8221;on|phone&#8221; module_alignment=&#8221;center&#8221; global_colors_info=&#8221;{}&#8221;][et_pb_row admin_label=&#8221;row&#8221; _builder_version=&#8221;4.16&#8243; background_size=&#8221;initial&#8221; background_position=&#8221;top_left&#8221; background_repeat=&#8221;repeat&#8221; global_colors_info=&#8221;{}&#8221;][et_pb_column type=&#8221;4_4&#8243; _builder_version=&#8221;4.16&#8243; custom_padding=&#8221;|||&#8221; global_colors_info=&#8221;{}&#8221; custom_padding__hover=&#8221;|||&#8221;][et_pb_text _builder_version=&#8221;4.27.4&#8243; _module_preset=&#8221;default&#8221; header_font_size=&#8221;35px&#8221; text_orientation=&#8221;center&#8221; custom_margin=&#8221;||40px|||&#8221; global_colors_info=&#8221;{}&#8221;]<\/p>\n<h1>Selecciona el tipo de an\u00e1lisis que necesitas<\/h1>\n<p>[\/et_pb_text][\/et_pb_column][\/et_pb_row][et_pb_row column_structure=&#8221;1_2,1_2&#8243; admin_label=&#8221;row&#8221; _builder_version=&#8221;4.27.4&#8243; background_size=&#8221;initial&#8221; background_position=&#8221;top_left&#8221; background_repeat=&#8221;repeat&#8221; global_colors_info=&#8221;{}&#8221;][et_pb_column type=&#8221;1_2&#8243; _builder_version=&#8221;4.27.4&#8243; background_color=&#8221;#c9e0ea&#8221; custom_padding=&#8221;20px|20px|20px|20px|true|true&#8221; border_radii=&#8221;on|10px|10px|10px|10px&#8221; box_shadow_style=&#8221;preset3&#8243; global_colors_info=&#8221;{}&#8221; custom_padding__hover=&#8221;|||&#8221;][et_pb_icon font_icon=&#8221;&#xf1b0;||fa||900&#8243; icon_width=&#8221;80px&#8221; _builder_version=&#8221;4.27.4&#8243; _module_preset=&#8221;default&#8221; custom_margin=&#8221;||30px||false|false&#8221; global_colors_info=&#8221;{}&#8221;][\/et_pb_icon][et_pb_text _builder_version=&#8221;4.27.4&#8243; _module_preset=&#8221;default&#8221; header_2_text_align=&#8221;center&#8221; global_colors_info=&#8221;{}&#8221;]<\/p>\n<h2>Salud general<\/h2>\n<p>[\/et_pb_text][et_pb_text _builder_version=&#8221;4.27.4&#8243; _module_preset=&#8221;default&#8221; text_font=&#8221;|700|||||||&#8221; text_orientation=&#8221;center&#8221; global_colors_info=&#8221;{}&#8221;]<\/p>\n<p>Eval\u00faa peso, vitalidad y condici\u00f3n general.<br data-start=\"517\" data-end=\"520\" \/>Ideal para revisiones peri\u00f3dicas y seguimiento del bienestar.<\/p>\n<p>[\/et_pb_text][et_pb_button button_url=&#8221;https:\/\/mypet.com.mx\/analisis\/salud-general&#8221; button_text=&#8221;Subir imagen&#8221; button_alignment=&#8221;center&#8221; button_alignment_tablet=&#8221;center&#8221; button_alignment_phone=&#8221;center&#8221; button_alignment_last_edited=&#8221;on|phone&#8221; _builder_version=&#8221;4.27.4&#8243; _module_preset=&#8221;default&#8221; custom_button=&#8221;on&#8221; button_text_color=&#8221;#FFFFFF&#8221; button_bg_color=&#8221;#7a5cff&#8221; button_border_width=&#8221;1px&#8221; button_border_color=&#8221;#6846f2&#8243; background_layout=&#8221;dark&#8221; custom_margin=&#8221;||0px|||&#8221; global_colors_info=&#8221;{}&#8221;][\/et_pb_button][\/et_pb_column][et_pb_column type=&#8221;1_2&#8243; _builder_version=&#8221;4.27.4&#8243; background_color=&#8221;#c9e0ea&#8221; custom_padding=&#8221;20px|20px|20px|20px|true|true&#8221; border_radii=&#8221;on|10px|10px|10px|10px&#8221; box_shadow_style=&#8221;preset3&#8243; global_colors_info=&#8221;{}&#8221; custom_padding__hover=&#8221;|||&#8221;][et_pb_icon font_icon=&#8221;&#xe05c;||fa||900&#8243; icon_width=&#8221;80px&#8221; _builder_version=&#8221;4.27.4&#8243; _module_preset=&#8221;default&#8221; custom_margin=&#8221;||30px||false|false&#8221; global_colors_info=&#8221;{}&#8221;][\/et_pb_icon][et_pb_text _builder_version=&#8221;4.27.4&#8243; _module_preset=&#8221;default&#8221; header_2_text_align=&#8221;center&#8221; global_colors_info=&#8221;{}&#8221;]<\/p>\n<h2>Heridas o lesiones<\/h2>\n<p>[\/et_pb_text][et_pb_text _builder_version=&#8221;4.27.4&#8243; _module_preset=&#8221;default&#8221; text_font=&#8221;|700|||||||&#8221; text_orientation=&#8221;center&#8221; global_colors_info=&#8221;{}&#8221;]<\/p>\n<p>Detecta infecciones, sangrados o golpes visibles.<br data-start=\"49\" data-end=\"52\" \/>Obt\u00e9n orientaci\u00f3n inmediata y confiable para actuar con rapidez.<\/p>\n<p>[\/et_pb_text][et_pb_button button_url=&#8221;https:\/\/mypet.com.mx\/analisis\/heridas-lesiones&#8221; button_text=&#8221;Subir imagen&#8221; button_alignment=&#8221;center&#8221; button_alignment_tablet=&#8221;center&#8221; button_alignment_phone=&#8221;center&#8221; button_alignment_last_edited=&#8221;on|phone&#8221; _builder_version=&#8221;4.27.4&#8243; _module_preset=&#8221;default&#8221; custom_button=&#8221;on&#8221; button_text_color=&#8221;#FFFFFF&#8221; button_bg_color=&#8221;#7a5cff&#8221; button_border_width=&#8221;1px&#8221; button_border_color=&#8221;#6846f2&#8243; background_layout=&#8221;dark&#8221; custom_margin=&#8221;||0px|||&#8221; global_colors_info=&#8221;{}&#8221;][\/et_pb_button][\/et_pb_column][\/et_pb_row][\/et_pb_section]<\/p>\n","protected":false},"excerpt":{"rendered":"<p>Selecciona el tipo de an\u00e1lisis que necesitasSalud generalEval\u00faa peso, vitalidad y condici\u00f3n general.Ideal para revisiones peri\u00f3dicas y seguimiento del bienestar.Heridas o lesionesDetecta infecciones, sangrados o golpes visibles.Obt\u00e9n orientaci\u00f3n inmediata y confiable para actuar con rapidez.<\/p>\n","protected":false},"author":2,"featured_media":0,"parent":0,"menu_order":0,"comment_status":"closed","ping_status":"closed","template":"","meta":{"_et_pb_use_builder":"on","_et_pb_old_content":"<!-- wp:shortcode -->\r\n<p>[mwcf_form id=\"57\"]<\/p>\r\n<!-- \/wp:shortcode -->","_et_gb_content_width":"","footnotes":""},"class_list":["post-24","page","type-page","status-publish","hentry"],"yoast_head":"<!-- This site is optimized with the Yoast SEO plugin v26.7 - https:\/\/yoast.com\/wordpress\/plugins\/seo\/ -->\n<title>An\u00e1lisis de mascota - An\u00e1lisis<\/title>\n<meta name=\"robots\" content=\"index, follow, max-snippet:-1, max-image-preview:large, max-video-preview:-1\" \/>\n<link rel=\"canonical\" href=\"https:\/\/mypet.com.mx\/analisis\/\" \/>\n<meta property=\"og:locale\" content=\"es_ES\" \/>\n<meta property=\"og:type\" content=\"article\" \/>\n<meta property=\"og:title\" content=\"An\u00e1lisis de mascota - An\u00e1lisis\" \/>\n<meta property=\"og:description\" content=\"Selecciona el tipo de an\u00e1lisis que necesitasSalud generalEval\u00faa peso, vitalidad y condici\u00f3n general.Ideal para revisiones peri\u00f3dicas y seguimiento del bienestar.Heridas o lesionesDetecta infecciones, sangrados o golpes visibles.Obt\u00e9n orientaci\u00f3n inmediata y confiable para actuar con rapidez.\" \/>\n<meta property=\"og:url\" content=\"https:\/\/mypet.com.mx\/analisis\/\" \/>\n<meta property=\"og:site_name\" content=\"An\u00e1lisis\" \/>\n<meta property=\"article:modified_time\" content=\"2025-11-23T02:17:22+00:00\" \/>\n<meta name=\"twitter:card\" content=\"summary_large_image\" \/>\n<meta name=\"twitter:label1\" content=\"Tiempo de lectura\" \/>\n\t<meta name=\"twitter:data1\" content=\"1 minuto\" \/>\n<script type=\"application\/ld+json\" class=\"yoast-schema-graph\">{\"@context\":\"https:\/\/schema.org\",\"@graph\":[{\"@type\":\"WebPage\",\"@id\":\"https:\/\/mypet.com.mx\/analisis\/\",\"url\":\"https:\/\/mypet.com.mx\/analisis\/\",\"name\":\"An\u00e1lisis de mascota - An\u00e1lisis\",\"isPartOf\":{\"@id\":\"https:\/\/mypet.com.mx\/analisis\/#website\"},\"datePublished\":\"2025-05-31T22:13:50+00:00\",\"dateModified\":\"2025-11-23T02:17:22+00:00\",\"breadcrumb\":{\"@id\":\"https:\/\/mypet.com.mx\/analisis\/#breadcrumb\"},\"inLanguage\":\"es\",\"potentialAction\":[{\"@type\":\"ReadAction\",\"target\":[\"https:\/\/mypet.com.mx\/analisis\/\"]}]},{\"@type\":\"BreadcrumbList\",\"@id\":\"https:\/\/mypet.com.mx\/analisis\/#breadcrumb\",\"itemListElement\":[{\"@type\":\"ListItem\",\"position\":1,\"name\":\"Portada\",\"item\":\"https:\/\/mypet.com.mx\/analisis\/\"},{\"@type\":\"ListItem\",\"position\":2,\"name\":\"An\u00e1lisis de mascota\"}]},{\"@type\":\"WebSite\",\"@id\":\"https:\/\/mypet.com.mx\/analisis\/#website\",\"url\":\"https:\/\/mypet.com.mx\/analisis\/\",\"name\":\"An\u00e1lisis\",\"description\":\"\",\"potentialAction\":[{\"@type\":\"SearchAction\",\"target\":{\"@type\":\"EntryPoint\",\"urlTemplate\":\"https:\/\/mypet.com.mx\/analisis\/?s={search_term_string}\"},\"query-input\":{\"@type\":\"PropertyValueSpecification\",\"valueRequired\":true,\"valueName\":\"search_term_string\"}}],\"inLanguage\":\"es\"}]}<\/script>\n<!-- \/ Yoast SEO plugin. -->","yoast_head_json":{"title":"An\u00e1lisis de mascota - An\u00e1lisis","robots":{"index":"index","follow":"follow","max-snippet":"max-snippet:-1","max-image-preview":"max-image-preview:large","max-video-preview":"max-video-preview:-1"},"canonical":"https:\/\/mypet.com.mx\/analisis\/","og_locale":"es_ES","og_type":"article","og_title":"An\u00e1lisis de mascota - An\u00e1lisis","og_description":"Selecciona el tipo de an\u00e1lisis que necesitasSalud generalEval\u00faa peso, vitalidad y condici\u00f3n general.Ideal para revisiones peri\u00f3dicas y seguimiento del bienestar.Heridas o lesionesDetecta infecciones, sangrados o golpes visibles.Obt\u00e9n orientaci\u00f3n inmediata y confiable para actuar con rapidez.","og_url":"https:\/\/mypet.com.mx\/analisis\/","og_site_name":"An\u00e1lisis","article_modified_time":"2025-11-23T02:17:22+00:00","twitter_card":"summary_large_image","twitter_misc":{"Tiempo de lectura":"1 minuto"},"schema":{"@context":"https:\/\/schema.org","@graph":[{"@type":"WebPage","@id":"https:\/\/mypet.com.mx\/analisis\/","url":"https:\/\/mypet.com.mx\/analisis\/","name":"An\u00e1lisis de mascota - An\u00e1lisis","isPartOf":{"@id":"https:\/\/mypet.com.mx\/analisis\/#website"},"datePublished":"2025-05-31T22:13:50+00:00","dateModified":"2025-11-23T02:17:22+00:00","breadcrumb":{"@id":"https:\/\/mypet.com.mx\/analisis\/#breadcrumb"},"inLanguage":"es","potentialAction":[{"@type":"ReadAction","target":["https:\/\/mypet.com.mx\/analisis\/"]}]},{"@type":"BreadcrumbList","@id":"https:\/\/mypet.com.mx\/analisis\/#breadcrumb","itemListElement":[{"@type":"ListItem","position":1,"name":"Portada","item":"https:\/\/mypet.com.mx\/analisis\/"},{"@type":"ListItem","position":2,"name":"An\u00e1lisis de mascota"}]},{"@type":"WebSite","@id":"https:\/\/mypet.com.mx\/analisis\/#website","url":"https:\/\/mypet.com.mx\/analisis\/","name":"An\u00e1lisis","description":"","potentialAction":[{"@type":"SearchAction","target":{"@type":"EntryPoint","urlTemplate":"https:\/\/mypet.com.mx\/analisis\/?s={search_term_string}"},"query-input":{"@type":"PropertyValueSpecification","valueRequired":true,"valueName":"search_term_string"}}],"inLanguage":"es"}]}},"_links":{"self":[{"href":"https:\/\/mypet.com.mx\/analisis\/wp-json\/wp\/v2\/pages\/24","targetHints":{"allow":["GET"]}}],"collection":[{"href":"https:\/\/mypet.com.mx\/analisis\/wp-json\/wp\/v2\/pages"}],"about":[{"href":"https:\/\/mypet.com.mx\/analisis\/wp-json\/wp\/v2\/types\/page"}],"author":[{"embeddable":true,"href":"https:\/\/mypet.com.mx\/analisis\/wp-json\/wp\/v2\/users\/2"}],"replies":[{"embeddable":true,"href":"https:\/\/mypet.com.mx\/analisis\/wp-json\/wp\/v2\/comments?post=24"}],"version-history":[{"count":19,"href":"https:\/\/mypet.com.mx\/analisis\/wp-json\/wp\/v2\/pages\/24\/revisions"}],"predecessor-version":[{"id":574,"href":"https:\/\/mypet.com.mx\/analisis\/wp-json\/wp\/v2\/pages\/24\/revisions\/574"}],"wp:attachment":[{"href":"https:\/\/mypet.com.mx\/analisis\/wp-json\/wp\/v2\/media?parent=24"}],"curies":[{"name":"wp","href":"https:\/\/api.w.org\/{rel}","templated":true}]}}